{"id":474,"date":"2024-09-13T12:47:45","date_gmt":"2024-09-13T10:47:45","guid":{"rendered":"https:\/\/projects.botanibot.com\/bergsteig\/?page_id=474"},"modified":"2024-10-25T10:42:11","modified_gmt":"2024-10-25T08:42:11","slug":"partner","status":"publish","type":"page","link":"https:\/\/bergsteigerzentrum.ch\/en\/partner\/","title":{"rendered":"Partner"},"content":{"rendered":"\n<div class=\"wp-block-cover alignfull\"><span aria-hidden=\"true\" class=\"wp-block-cover__background has-background-dim-0 has-background-dim\" style=\"background-color:#999897\"><\/span><img loading=\"lazy\" decoding=\"async\" width=\"1800\" height=\"879\" class=\"wp-block-cover__image-background wp-image-363\" alt=\"Gletschertour Aletschgletscher\" src=\"https:\/\/bergsteigerzentrum.ch\/app\/uploads\/2024\/09\/header_gletschertour11.jpg\" data-object-fit=\"cover\" srcset=\"https:\/\/bergsteigerzentrum.ch\/app\/uploads\/2024\/09\/header_gletschertour11.jpg 1800w, https:\/\/bergsteigerzentrum.ch\/app\/uploads\/2024\/09\/header_gletschertour11-300x147.jpg 300w, https:\/\/bergsteigerzentrum.ch\/app\/uploads\/2024\/09\/header_gletschertour11-1024x500.jpg 1024w, https:\/\/bergsteigerzentrum.ch\/app\/uploads\/2024\/09\/header_gletschertour11-768x375.jpg 768w, https:\/\/bergsteigerzentrum.ch\/app\/uploads\/2024\/09\/header_gletschertour11-1536x750.jpg 1536w\" sizes=\"auto, (max-width: 1800px) 100vw, 1800px\" \/><div class=\"wp-block-cover__inner-container is-layout-constrained wp-block-cover-is-layout-constrained\">\n<p class=\"has-text-align-center has-large-font-size\"><\/p>\n<\/div><\/div>\n\n\n\n<article class=\"wp-block-group alignfull is-layout-constrained wp-block-group-is-layout-constrained\">\n<h2 class=\"wp-block-heading has-primary-color has-text-color has-link-color wp-elements-dcb1c79f801285ba10da3ecdd54de0d0\">Our partners<\/h2>\n\n\n\n<div class=\"wp-block-columns is-layout-flex wp-container-core-columns-is-layout-28f84493 wp-block-columns-is-layout-flex\">\n<div class=\"wp-block-column is-layout-flow wp-block-column-is-layout-flow\">\n<h3 class=\"wp-block-heading has-primary-color has-text-color has-link-color wp-elements-fd4d1fb2b06b68a0b1c60e8fcda86316\">Our mountain guides are equipped by<\/h3>\n\n\n\n<figure class=\"wp-block-image size-full\"><a href=\"https:\/\/www.mammut.com\/ch\/de\" target=\"_blank\" rel=\"noreferrer noopener\"><img loading=\"lazy\" decoding=\"async\" width=\"200\" height=\"201\" src=\"https:\/\/bergsteigerzentrum.ch\/app\/uploads\/2024\/09\/partner_mammut.png\" alt=\"\" class=\"wp-image-179\" srcset=\"https:\/\/bergsteigerzentrum.ch\/app\/uploads\/2024\/09\/partner_mammut.png 200w, https:\/\/bergsteigerzentrum.ch\/app\/uploads\/2024\/09\/partner_mammut-150x150.png 150w\" sizes=\"auto, (max-width: 200px) 100vw, 200px\" \/><\/a><\/figure>\n\n\n\n<div style=\"height:9px\" aria-hidden=\"true\" class=\"wp-block-spacer\"><\/div>\n\n\n\n<h3 class=\"wp-block-heading\">Sports store<\/h3>\n\n\n\n<p><a href=\"https:\/\/www.volkensport.com\/\" target=\"_blank\" rel=\"noreferrer noopener\"><mark style=\"background-color:rgba(0, 0, 0, 0)\" class=\"has-inline-color has-foreground-color\">Volken Sport Store &amp; Cafe<\/mark><\/a><\/p>\n\n\n\n<h3 class=\"wp-block-heading\">Ski school<\/h3>\n\n\n\n<p><a href=\"https:\/\/schneesport-fiesch.ch\/\" target=\"_blank\" rel=\"noreferrer noopener\"><mark style=\"background-color:rgba(0, 0, 0, 0)\" class=\"has-inline-color has-foreground-color\">Swiss Ski School, Fiesch<\/mark><\/a><\/p>\n\n\n\n<h3 class=\"wp-block-heading\">Mountain sports articles<\/h3>\n\n\n\n<p><a href=\"https:\/\/www.volkensport.com\/\" target=\"_blank\" rel=\"noreferrer noopener\"><mark style=\"background-color:rgba(0, 0, 0, 0)\" class=\"has-inline-color has-foreground-color\">Volken Sport Store &amp; Caf\u00e9<\/mark><\/a><mark style=\"background-color:rgba(0, 0, 0, 0)\" class=\"has-inline-color has-foreground-color\"><br><\/mark><a href=\"https:\/\/www.mammut.com\/ch\/de\" target=\"_blank\" rel=\"noreferrer noopener\"><mark style=\"background-color:rgba(0, 0, 0, 0)\" class=\"has-inline-color has-foreground-color\">Mammut<\/mark><\/a><mark style=\"background-color:rgba(0, 0, 0, 0)\" class=\"has-inline-color has-foreground-color\"><br><\/mark><a href=\"https:\/\/www.julbo.com\/fr_ch\" target=\"_blank\" rel=\"noreferrer noopener\"><mark style=\"background-color:rgba(0, 0, 0, 0)\" class=\"has-inline-color has-foreground-color\">Julbo<\/mark><\/a><mark style=\"background-color:rgba(0, 0, 0, 0)\" class=\"has-inline-color has-foreground-color\"><br><\/mark><a href=\"https:\/\/www.exped.com\/de\" target=\"_blank\" rel=\"noreferrer noopener\"><mark style=\"background-color:rgba(0, 0, 0, 0)\" class=\"has-inline-color has-foreground-color\">Exped<\/mark><\/a><br><\/p>\n<\/div>\n\n\n\n<div class=\"wp-block-column is-layout-flow wp-block-column-is-layout-flow\">\n<h3 class=\"wp-block-heading\">Mountain railroads<\/h3>\n\n\n\n<p class=\"has-foreground-color has-text-color has-link-color wp-elements-afe6f707dc68537abd7b1f79a219187c\"><a href=\"https:\/\/www.aletscharena.ch\/planen-buchen\/fahrplan-betriebszeiten\" target=\"_blank\" rel=\"noreferrer noopener\">Aletsch Bahnen<\/a><a href=\"https:\/\/www.aletscharena.ch\/\" target=\"_blank\" rel=\"noreferrer noopener\"><br>AletschArena<\/a><\/p>\n\n\n\n<h3 class=\"wp-block-heading\">Hotels<\/h3>\n\n\n\n<p class=\"has-foreground-color has-text-color has-link-color wp-elements-734dfcc0708536d7a7126c32fb619ec5\"><a href=\"https:\/\/des-alpes.ch\/\" target=\"_blank\" rel=\"noreferrer noopener\">Hotel Des Alpes, Fiesch<\/a><br><a href=\"https:\/\/hotel-jungfrau.ch\/\" target=\"_blank\" rel=\"noreferrer noopener\">Hotel Jungfrau, Fiescheralp<\/a><br><a href=\"https:\/\/www.aletscharena.ch\/planen-buchen\/unterkuenfte\/unterkunft\/gletscherstube\" target=\"_blank\" rel=\"noopener\">Gletscherstube M\u00e4rjelen<\/a><br><a href=\"https:\/\/www.baergkristall.com\/\" target=\"_blank\" rel=\"noreferrer noopener\">Herberge-Restaurant Bergkristall, Binntal<\/a><br><a href=\"https:\/\/www.hotel-bnb-derby.ch\/de\/\" target=\"_blank\" rel=\"noreferrer noopener\">B&amp;B Derby, Fiesch<\/a><br><a href=\"https:\/\/www.hotel-eggishorn.ch\/\" target=\"_blank\" rel=\"noreferrer noopener\">Hotel Eggishorn, Fiescheralp<\/a><br><a href=\"https:\/\/www.aletscharena.ch\/aletsch-arena\/essen-trinken\/gastro\/restaurant-alpenlodge-kuehboden\" target=\"_blank\" rel=\"noreferrer noopener\">Hotel K\u00fchboden, Fiescheralp<\/a><br><a href=\"https:\/\/www.baumhausfiesch.ch\/\" target=\"_blank\" rel=\"noreferrer noopener\">Bed &amp; Breakfeast Baumhaus, Fiesch<\/a><br><a href=\"https:\/\/www.zurgilgens.ch\/\" target=\"_blank\" rel=\"noopener\">Caf\u00e9 B\u00e4ckerei Zurgilgen, Fiesch<br><\/a><a href=\"https:\/\/www.chaeserstatt.ch\/de\/\" target=\"_blank\" rel=\"noreferrer noopener\">Berghotel Ch\u00e4serstatt<\/a><br><a href=\"https:\/\/www.aletsch-duglacier.ch\/\" target=\"_blank\" rel=\"noreferrer noopener\">Hotel du Glacier<\/a><br><a href=\"https:\/\/www.hotel-christania.ch\/de\/\" target=\"_blank\" rel=\"noreferrer noopener\">Hotel Christania<\/a><br><a href=\"https:\/\/www.aletscharena.ch\/aletsch-arena\/essen-trinken\/gastro\/bar-lounge-talstation\" target=\"_blank\" rel=\"noreferrer noopener\">Talstation Bar-Lounge<\/a><\/p>\n\n\n\n<h3 class=\"wp-block-heading\">Accommodation and camps<\/h3>\n\n\n\n<p class=\"has-foreground-color has-text-color has-link-color wp-elements-2a95426366461dcda9bbd17ac5e0ea40\"><a href=\"https:\/\/www.sport-resort.ch\/\" target=\"_blank\" rel=\"noreferrer noopener\">Sports and vacation center, Fiesch<\/a><br><a href=\"https:\/\/www.aletscharena.ch\/aletsch-arena\/essen-trinken\/gastro\/restaurant-alpenlodge-kuehboden\" target=\"_blank\" rel=\"noreferrer noopener\">Hotel K\u00fchboden, Fiescheralp<\/a><\/p>\n<\/div>\n\n\n\n<div class=\"wp-block-column is-layout-flow wp-block-column-is-layout-flow\">\n<h3 class=\"wp-block-heading\">Camping<\/h3>\n\n\n\n<p class=\"has-foreground-color has-text-color has-link-color wp-elements-885ebf059534253b6d35017d0af0f8c9\"><a href=\"https:\/\/www.camping-eggishorn.ch\/\" target=\"_blank\" rel=\"noreferrer noopener\">Camping Eggishorn<\/a><\/p>\n\n\n\n<h3 class=\"wp-block-heading\">Various<\/h3>\n\n\n\n<p class=\"has-foreground-color has-text-color has-link-color wp-elements-5363e975bc32346078dad27d2b260d11\"><a href=\"https:\/\/www.autowalpen.ch\/de\/\" target=\"_blank\" rel=\"noreferrer noopener\">Auto-Walpen AG<\/a><br><a href=\"https:\/\/www.flyingcenter.ch\/\" target=\"_blank\" rel=\"noreferrer noopener\">Flying Center Fiesch<\/a><br><a href=\"https:\/\/flug-taxi.ch\/de\" target=\"_blank\" rel=\"noreferrer noopener\">Flugtaxi<\/a><br><a href=\"https:\/\/www.makroart.ch\/\" target=\"_blank\" rel=\"noreferrer noopener\">Makro Art<\/a><br><a href=\"https:\/\/endigo.ch\/\" target=\"_blank\" rel=\"noreferrer noopener\">endigo<\/a><br><a href=\"https:\/\/www.air-zermatt.ch\/\" target=\"_blank\" rel=\"noreferrer noopener\">Air Zermatt<\/a><br><a href=\"https:\/\/www.imwinkelried-ag.ch\/\" target=\"_blank\" rel=\"noreferrer noopener\">Schreinerei Imwinkelried<\/a><br><a href=\"https:\/\/www.raiffeisen.ch\/rch\/de.html\" target=\"_blank\" rel=\"noreferrer noopener\">Raiffeisenbank Aletsch-Goms<\/a><br><a href=\"https:\/\/www.burgenersport.ch\/\" target=\"_blank\" rel=\"noreferrer noopener\">Burgener Kiosk &amp; Shop<\/a><\/p>\n\n\n\n<h3 class=\"wp-block-heading\">Cabins<\/h3>\n\n\n\n<p class=\"has-foreground-color has-text-color has-link-color wp-elements-48e3d4574c5ba5ba942a24edab5c779c\"><a href=\"https:\/\/www.konkordiahuette.ch\/\" target=\"_blank\" rel=\"noreferrer noopener\">Konkordiah\u00fctte<\/a><br><a href=\"http:\/\/www.finsteraarhornhuette.ch\/\" target=\"_blank\" rel=\"noreferrer noopener\">Finsteraarhornh\u00fctte<\/a><br><a href=\"https:\/\/www.bergwelten.com\/h\/weisshornhuette\" target=\"_blank\" rel=\"noreferrer noopener\">Weisshornh\u00fctte<\/a><br><a href=\"https:\/\/www.aletscharena.ch\/aletsch-arena\/essen-trinken\/gastro\/gletscherstube\" target=\"_blank\" rel=\"noreferrer noopener\">Gletscherstube<\/a><br><a href=\"https:\/\/burghuette.ch\/\" target=\"_blank\" rel=\"noreferrer noopener\">Burgh\u00fctte<\/a><br><a href=\"https:\/\/www.hollandiahuette.ch\/\" target=\"_blank\" rel=\"noreferrer noopener\">Hollandiah\u00fctte<\/a><\/p>\n<\/div>\n<\/div>\n<\/article>\n","protected":false},"excerpt":{"rendered":"<p>Our partners Our mountain guides are equipped by Sports store Volken Sport Store &amp; Cafe Ski school Swiss Ski School, Fiesch Mountain sports articles Volken Sport Store &amp; Caf\u00e9MammutJulboExped Mountain railroads Aletsch BahnenAletschArena Hotels Hotel Des Alpes, FieschHotel Jungfrau, FiescheralpGletscherstube M\u00e4rjelenHerberge-Restaurant Bergkristall, BinntalB&amp;B Derby, FieschHotel Eggishorn, FiescheralpHotel K\u00fchboden, FiescheralpBed &amp; Breakfeast Baumhaus, FieschCaf\u00e9 B\u00e4ckerei Zurgilgen, [&hellip;]<\/p>\n","protected":false},"author":2,"featured_media":0,"parent":0,"menu_order":0,"comment_status":"closed","ping_status":"closed","template":"","meta":{"_acf_changed":false,"inline_featured_image":false,"footnotes":""},"class_list":["post-474","page","type-page","status-publish","hentry"],"acf":[],"_links":{"self":[{"href":"https:\/\/bergsteigerzentrum.ch\/en\/wp-json\/wp\/v2\/pages\/474","targetHints":{"allow":["GET"]}}],"collection":[{"href":"https:\/\/bergsteigerzentrum.ch\/en\/wp-json\/wp\/v2\/pages"}],"about":[{"href":"https:\/\/bergsteigerzentrum.ch\/en\/wp-json\/wp\/v2\/types\/page"}],"author":[{"embeddable":true,"href":"https:\/\/bergsteigerzentrum.ch\/en\/wp-json\/wp\/v2\/users\/2"}],"replies":[{"embeddable":true,"href":"https:\/\/bergsteigerzentrum.ch\/en\/wp-json\/wp\/v2\/comments?post=474"}],"version-history":[{"count":4,"href":"https:\/\/bergsteigerzentrum.ch\/en\/wp-json\/wp\/v2\/pages\/474\/revisions"}],"predecessor-version":[{"id":1814,"href":"https:\/\/bergsteigerzentrum.ch\/en\/wp-json\/wp\/v2\/pages\/474\/revisions\/1814"}],"wp:attachment":[{"href":"https:\/\/bergsteigerzentrum.ch\/en\/wp-json\/wp\/v2\/media?parent=474"}],"curies":[{"name":"wp","href":"https:\/\/api.w.org\/{rel}","templated":true}]}}